{"id":411,"date":"2023-02-26T19:08:40","date_gmt":"2023-02-26T18:08:40","guid":{"rendered":"https:\/\/praxis-ewagumbrecht.de\/?page_id=411"},"modified":"2025-09-20T14:40:57","modified_gmt":"2025-09-20T12:40:57","slug":"impressum","status":"publish","type":"page","link":"https:\/\/praxis.ewagumbrecht.de\/?page_id=411","title":{"rendered":"Impressum"},"content":{"rendered":"\t\t<div data-elementor-type=\"wp-page\" data-elementor-id=\"411\" class=\"elementor elementor-411\">\n\t\t\t\t\t\t\t\t\t<section class=\"elementor-section elementor-top-section elementor-element elementor-element-6859baa elementor-section-full_width elementor-section-stretched elementor-section-height-default elementor-section-height-default\" data-id=\"6859baa\" data-element_type=\"section\" data-settings=\"{&quot;background_background&quot;:&quot;classic&quot;,&quot;stretch_section&quot;:&quot;section-stretched&quot;}\">\n\t\t\t\t\t\t<div class=\"elementor-container elementor-column-gap-default\">\n\t\t\t\t\t<div class=\"elementor-column elementor-col-50 elementor-top-column elementor-element elementor-element-b88c96d\" data-id=\"b88c96d\" data-element_type=\"column\">\n\t\t\t<div class=\"elementor-widget-wrap elementor-element-populated\">\n\t\t\t\t\t\t\t\t<div class=\"elementor-element elementor-element-75ebf05 elementor-widget elementor-widget-heading\" data-id=\"75ebf05\" data-element_type=\"widget\" data-widget_type=\"heading.default\">\n\t\t\t\t<div class=\"elementor-widget-container\">\n\t\t\t<style>\/*! elementor - v3.9.2 - 21-12-2022 *\/\n.elementor-heading-title{padding:0;margin:0;line-height:1}.elementor-widget-heading .elementor-heading-title[class*=elementor-size-]>a{color:inherit;font-size:inherit;line-height:inherit}.elementor-widget-heading .elementor-heading-title.elementor-size-small{font-size:15px}.elementor-widget-heading .elementor-heading-title.elementor-size-medium{font-size:19px}.elementor-widget-heading .elementor-heading-title.elementor-size-large{font-size:29px}.elementor-widget-heading .elementor-heading-title.elementor-size-xl{font-size:39px}.elementor-widget-heading .elementor-heading-title.elementor-size-xxl{font-size:59px}<\/style><h2 class=\"elementor-heading-title elementor-size-default\"><a href=\"\/\">&#x21A9; Zur\u00fcck<\/a><\/h2>\t\t<\/div>\n\t\t\t\t<\/div>\n\t\t\t\t\t<\/div>\n\t\t<\/div>\n\t\t\t\t<div class=\"elementor-column elementor-col-50 elementor-top-column elementor-element elementor-element-1640a80\" data-id=\"1640a80\" data-element_type=\"column\">\n\t\t\t<div class=\"elementor-widget-wrap\">\n\t\t\t\t\t\t\t\t\t<\/div>\n\t\t<\/div>\n\t\t\t\t\t\t\t<\/div>\n\t\t<\/section>\n\t\t\t\t<section class=\"elementor-section elementor-top-section elementor-element elementor-element-14f4b250 elementor-section-height-min-height elementor-section-items-stretch elementor-section-content-middle elementor-section-full_width elementor-section-height-default\" data-id=\"14f4b250\" data-element_type=\"section\" data-settings=\"{&quot;background_background&quot;:&quot;classic&quot;}\">\n\t\t\t\t\t\t<div class=\"elementor-container elementor-column-gap-no\">\n\t\t\t\t\t<div class=\"elementor-column elementor-col-100 elementor-top-column elementor-element elementor-element-d0cb11b\" data-id=\"d0cb11b\" data-element_type=\"column\" data-settings=\"{&quot;background_background&quot;:&quot;classic&quot;}\">\n\t\t\t<div class=\"elementor-widget-wrap elementor-element-populated\">\n\t\t\t\t\t\t\t\t<div class=\"elementor-element elementor-element-81ccf80 elementor-widget elementor-widget-heading\" data-id=\"81ccf80\" data-element_type=\"widget\" data-widget_type=\"heading.default\">\n\t\t\t\t<div class=\"elementor-widget-container\">\n\t\t\t<h1 class=\"elementor-heading-title elementor-size-default\">Impressum<\/h1>\t\t<\/div>\n\t\t\t\t<\/div>\n\t\t\t\t<div class=\"elementor-element elementor-element-32398c51 elementor-widget elementor-widget-text-editor\" data-id=\"32398c51\" data-element_type=\"widget\" data-widget_type=\"text-editor.default\">\n\t\t\t\t<div class=\"elementor-widget-container\">\n\t\t\t<style>\/*! elementor - v3.9.2 - 21-12-2022 *\/\n.elementor-widget-text-editor.elementor-drop-cap-view-stacked .elementor-drop-cap{background-color:#818a91;color:#fff}.elementor-widget-text-editor.elementor-drop-cap-view-framed .elementor-drop-cap{color:#818a91;border:3px solid;background-color:transparent}.elementor-widget-text-editor:not(.elementor-drop-cap-view-default) .elementor-drop-cap{margin-top:8px}.elementor-widget-text-editor:not(.elementor-drop-cap-view-default) .elementor-drop-cap-letter{width:1em;height:1em}.elementor-widget-text-editor .elementor-drop-cap{float:left;text-align:center;line-height:1;font-size:50px}.elementor-widget-text-editor .elementor-drop-cap-letter{display:inline-block}<\/style>\t\t\t\t<div class=\"wbk-widget wbk-widget-text wbk-inner-content\"><div class=\"wbk-widget-content wbk-widget-content-text\"><p><strong>Ewa Gumbrecht<\/strong><br \/>Hauptstr. 12, <br \/>48485 Neuenkirchen\u200b<\/p><p>Tel: 05973\/ 600 806\u200b<br \/>Fax: 05973\/ 600 807\u200b<br \/>praxis-e.gumbrecht@t-online.de\u200b<\/p><p><b>Vollst\u00e4ndiger Firmenname<\/b><br \/>Gyn\u00e4kologische Praxis Ewa Gumbrecht<\/p><p><b>Ort der Gewerbeberechtigung<\/b><br \/>Hauptstr. 12,<br \/>48485 Neuenkirchen\u200b<br \/>Germany<br \/><b><\/b><\/p><p><strong>Zust\u00e4ndige Kammer<\/strong><br \/>\u00c4rztekammer Westfalen- Lippe<\/p><p><strong>Zust\u00e4ndige Aufsichtsbeh\u00f6rde<\/strong><br \/>KVWL<\/p><p><strong>Praxisimhaberin<\/strong><br \/>Ewa Gumbrecht<\/p><p><b>Haftungshinweis<\/b><br \/>Trotz sorgf\u00e4ltiger inhaltlicher Kontrolle \u00fcbernehmen wir keine Haftung f\u00fcr die Inhalte externer Links. F\u00fcr den Inhalt der verlinkten Seiten sind ausschlie\u00dflich deren Betreiber verantwortlich.<\/p><\/div><div class=\"wbk-widget-content wbk-widget-content-text\"><b>Streitigkeiten<\/b><br \/>Hier erhalten Sie als Verbraucher die M\u00f6glichkeit, sich bei Streitigkeiten mit uns an eine Schlichtungsstelle zu wenden:\u00a0<a href=\"http:\/\/ec.europa.eu\/consumers\/odr\/\">http:\/\/ec.europa.eu\/consumers\/odr\/<\/a>.<\/div><\/div><div class=\"wbk-widget wbk-widget-text wbk-inner-content\"><div class=\"wbk-widget-content wbk-widget-content-text\"><p>Vereinbaren Sie telefonisch einen Termin mit mir. Ich freuen mich, Sie bald kennen zu lernen.<\/p><\/div><\/div>\t\t\t\t\t\t<\/div>\n\t\t\t\t<\/div>\n\t\t\t\t\t<\/div>\n\t\t<\/div>\n\t\t\t\t\t\t\t<\/div>\n\t\t<\/section>\n\t\t\t\t<footer class=\"elementor-section elementor-top-section elementor-element elementor-element-1c0ef06f elementor-section-full_width elementor-section-content-middle elementor-section-height-default elementor-section-height-default\" data-id=\"1c0ef06f\" data-element_type=\"section\">\n\t\t\t\t\t\t<div class=\"elementor-container elementor-column-gap-no\">\n\t\t\t\t\t<div class=\"elementor-column elementor-col-100 elementor-top-column elementor-element elementor-element-3649fbaf\" data-id=\"3649fbaf\" data-element_type=\"column\">\n\t\t\t<div class=\"elementor-widget-wrap elementor-element-populated\">\n\t\t\t\t\t\t\t\t<div class=\"elementor-element elementor-element-7cea2e35 elementor-icon-list--layout-inline elementor-tablet-align-center elementor-align-center elementor-list-item-link-full_width elementor-widget elementor-widget-icon-list\" data-id=\"7cea2e35\" data-element_type=\"widget\" data-widget_type=\"icon-list.default\">\n\t\t\t\t<div class=\"elementor-widget-container\">\n\t\t\t<link rel=\"stylesheet\" href=\"https:\/\/praxis-ewagumbrecht.de\/wp-content\/plugins\/elementor\/assets\/css\/widget-icon-list.min.css\">\t\t<ul class=\"elementor-icon-list-items elementor-inline-items\">\n\t\t\t\t\t\t\t<li class=\"elementor-icon-list-item elementor-inline-item\">\n\t\t\t\t\t\t\t\t\t\t<span class=\"elementor-icon-list-text\">praxis-e.gumbrecht@t-online.de<\/span>\n\t\t\t\t\t\t\t\t\t<\/li>\n\t\t\t\t\t\t\t\t<li class=\"elementor-icon-list-item elementor-inline-item\">\n\t\t\t\t\t\t\t\t\t\t<span class=\"elementor-icon-list-text\">Tel: 05973\/ 600 806<\/span>\n\t\t\t\t\t\t\t\t\t<\/li>\n\t\t\t\t\t\t\t\t<li class=\"elementor-icon-list-item elementor-inline-item\">\n\t\t\t\t\t\t\t\t\t\t<span class=\"elementor-icon-list-text\">Fax: 05973\/ 600 807<\/span>\n\t\t\t\t\t\t\t\t\t<\/li>\n\t\t\t\t\t\t\t\t<li class=\"elementor-icon-list-item elementor-inline-item\">\n\t\t\t\t\t\t\t\t\t\t<span class=\"elementor-icon-list-text\">Hauptstr. 12, 48485 Neuenkirchen<\/span>\n\t\t\t\t\t\t\t\t\t<\/li>\n\t\t\t\t\t\t\t\t<li class=\"elementor-icon-list-item elementor-inline-item\">\n\t\t\t\t\t\t\t\t\t\t\t<a href=\"https:\/\/praxis.ewagumbrecht.de\/?page_id=411\">\n\n\t\t\t\t\t\t\t\t\t\t\t\t<span class=\"elementor-icon-list-icon\">\n\t\t\t\t\t\t\t<i aria-hidden=\"true\" class=\"fas fa-chevron-right\"><\/i>\t\t\t\t\t\t<\/span>\n\t\t\t\t\t\t\t\t\t\t<span class=\"elementor-icon-list-text\">Impressum<\/span>\n\t\t\t\t\t\t\t\t\t\t\t<\/a>\n\t\t\t\t\t\t\t\t\t<\/li>\n\t\t\t\t\t\t\t\t<li class=\"elementor-icon-list-item elementor-inline-item\">\n\t\t\t\t\t\t\t\t\t\t\t<a href=\"https:\/\/praxis.ewagumbrecht.de\/?page_id=403\">\n\n\t\t\t\t\t\t\t\t\t\t\t\t<span class=\"elementor-icon-list-icon\">\n\t\t\t\t\t\t\t<i aria-hidden=\"true\" class=\"fas fa-chevron-right\"><\/i>\t\t\t\t\t\t<\/span>\n\t\t\t\t\t\t\t\t\t\t<span class=\"elementor-icon-list-text\">Datenschutzerkl\u00e4rung<\/span>\n\t\t\t\t\t\t\t\t\t\t\t<\/a>\n\t\t\t\t\t\t\t\t\t<\/li>\n\t\t\t\t\t\t<\/ul>\n\t\t\t\t<\/div>\n\t\t\t\t<\/div>\n\t\t\t\t\t<\/div>\n\t\t<\/div>\n\t\t\t\t\t\t\t<\/div>\n\t\t<\/footer>\n\t\t\t\t<section class=\"elementor-section elementor-top-section elementor-element elementor-element-3a01ac78 elementor-section-height-min-height elementor-section-content-middle elementor-section-full_width elementor-section-stretched elementor-section-height-default elementor-section-items-middle\" data-id=\"3a01ac78\" data-element_type=\"section\" data-settings=\"{&quot;background_background&quot;:&quot;classic&quot;,&quot;stretch_section&quot;:&quot;section-stretched&quot;}\">\n\t\t\t\t\t\t<div class=\"elementor-container elementor-column-gap-no\">\n\t\t\t\t\t<div class=\"elementor-column elementor-col-100 elementor-top-column elementor-element elementor-element-77aafae\" data-id=\"77aafae\" data-element_type=\"column\">\n\t\t\t<div class=\"elementor-widget-wrap elementor-element-populated\">\n\t\t\t\t\t\t\t\t<div class=\"elementor-element elementor-element-1a67750c elementor-widget elementor-widget-heading\" data-id=\"1a67750c\" data-element_type=\"widget\" data-widget_type=\"heading.default\">\n\t\t\t\t<div class=\"elementor-widget-container\">\n\t\t\t<p class=\"elementor-heading-title elementor-size-default\">\u00a9 2022 Alle Rechte vorbehalten.<\/p>\t\t<\/div>\n\t\t\t\t<\/div>\n\t\t\t\t\t<\/div>\n\t\t<\/div>\n\t\t\t\t\t\t\t<\/div>\n\t\t<\/section>\n\t\t\t\t\t\t\t<\/div>\n\t\t","protected":false},"excerpt":{"rendered":"<p>&#x21A9; Zur\u00fcck Impressum Ewa GumbrechtHauptstr. 12, 48485 Neuenkirchen\u200b Tel: 05973\/ 600 806\u200bFax: 05973\/ 600 807\u200bpraxis-e.gumbrecht@t-online.de\u200b Vollst\u00e4ndiger FirmennameGyn\u00e4kologische Praxis Ewa Gumbrecht Ort der GewerbeberechtigungHauptstr. 12,48485 Neuenkirchen\u200bGermany Zust\u00e4ndige Kammer\u00c4rztekammer Westfalen- Lippe Zust\u00e4ndige Aufsichtsbeh\u00f6rdeKVWL PraxisimhaberinEwa Gumbrecht HaftungshinweisTrotz sorgf\u00e4ltiger inhaltlicher Kontrolle \u00fcbernehmen wir keine Haftung f\u00fcr die Inhalte externer Links. F\u00fcr den Inhalt der verlinkten Seiten sind ausschlie\u00dflich deren [&hellip;]<\/p>\n","protected":false},"author":1,"featured_media":0,"parent":0,"menu_order":0,"comment_status":"closed","ping_status":"closed","template":"elementor_canvas","meta":{"footnotes":""},"class_list":["post-411","page","type-page","status-publish","hentry"],"yoast_head":"<!-- This site is optimized with the Yoast SEO plugin v19.13 - https:\/\/yoast.com\/wordpress\/plugins\/seo\/ -->\n<title>Impressum - Praxis - Ewa Gumbrecht<\/title>\n<meta name=\"robots\" content=\"index, follow, max-snippet:-1, max-image-preview:large, max-video-preview:-1\" \/>\n<link rel=\"canonical\" href=\"https:\/\/praxis.ewagumbrecht.de\/?page_id=411\" \/>\n<meta property=\"og:locale\" content=\"pl_PL\" \/>\n<meta property=\"og:type\" content=\"article\" \/>\n<meta property=\"og:title\" content=\"Impressum - Praxis - Ewa Gumbrecht\" \/>\n<meta property=\"og:description\" content=\"&#x21A9; Zur\u00fcck Impressum Ewa GumbrechtHauptstr. 12, 48485 Neuenkirchen\u200b Tel: 05973\/ 600 806\u200bFax: 05973\/ 600 807\u200bpraxis-e.gumbrecht@t-online.de\u200b Vollst\u00e4ndiger FirmennameGyn\u00e4kologische Praxis Ewa Gumbrecht Ort der GewerbeberechtigungHauptstr. 12,48485 Neuenkirchen\u200bGermany Zust\u00e4ndige Kammer\u00c4rztekammer Westfalen- Lippe Zust\u00e4ndige Aufsichtsbeh\u00f6rdeKVWL PraxisimhaberinEwa Gumbrecht HaftungshinweisTrotz sorgf\u00e4ltiger inhaltlicher Kontrolle \u00fcbernehmen wir keine Haftung f\u00fcr die Inhalte externer Links. F\u00fcr den Inhalt der verlinkten Seiten sind ausschlie\u00dflich deren [&hellip;]\" \/>\n<meta property=\"og:url\" content=\"https:\/\/praxis.ewagumbrecht.de\/?page_id=411\" \/>\n<meta property=\"og:site_name\" content=\"Praxis - Ewa Gumbrecht\" \/>\n<meta property=\"article:modified_time\" content=\"2025-09-20T12:40:57+00:00\" \/>\n<meta name=\"twitter:card\" content=\"summary_large_image\" \/>\n<meta name=\"twitter:label1\" content=\"Szacowany czas czytania\" \/>\n\t<meta name=\"twitter:data1\" content=\"1 minuta\" \/>\n<script type=\"application\/ld+json\" class=\"yoast-schema-graph\">{\"@context\":\"https:\/\/schema.org\",\"@graph\":[{\"@type\":\"WebPage\",\"@id\":\"https:\/\/praxis.ewagumbrecht.de\/?page_id=411\",\"url\":\"https:\/\/praxis.ewagumbrecht.de\/?page_id=411\",\"name\":\"Impressum - Praxis - Ewa Gumbrecht\",\"isPartOf\":{\"@id\":\"https:\/\/praxis.ewagumbrecht.de\/#website\"},\"datePublished\":\"2023-02-26T18:08:40+00:00\",\"dateModified\":\"2025-09-20T12:40:57+00:00\",\"breadcrumb\":{\"@id\":\"https:\/\/praxis.ewagumbrecht.de\/?page_id=411#breadcrumb\"},\"inLanguage\":\"pl-PL\",\"potentialAction\":[{\"@type\":\"ReadAction\",\"target\":[\"https:\/\/praxis.ewagumbrecht.de\/?page_id=411\"]}]},{\"@type\":\"BreadcrumbList\",\"@id\":\"https:\/\/praxis.ewagumbrecht.de\/?page_id=411#breadcrumb\",\"itemListElement\":[{\"@type\":\"ListItem\",\"position\":1,\"name\":\"Home\",\"item\":\"https:\/\/praxis.ewagumbrecht.de\/\"},{\"@type\":\"ListItem\",\"position\":2,\"name\":\"Impressum\"}]},{\"@type\":\"WebSite\",\"@id\":\"https:\/\/praxis.ewagumbrecht.de\/#website\",\"url\":\"https:\/\/praxis.ewagumbrecht.de\/\",\"name\":\"Praxis - Ewa Gumbrecht\",\"description\":\"Praxis Dr.med. Ewa-Maria Gumbrecht Fach\u00e4rztin f\u00fcr Frauenheilkunde und Geburtshilfe\",\"potentialAction\":[{\"@type\":\"SearchAction\",\"target\":{\"@type\":\"EntryPoint\",\"urlTemplate\":\"https:\/\/praxis.ewagumbrecht.de\/?s={search_term_string}\"},\"query-input\":\"required name=search_term_string\"}],\"inLanguage\":\"pl-PL\"}]}<\/script>\n<!-- \/ Yoast SEO plugin. -->","yoast_head_json":{"title":"Impressum - Praxis - Ewa Gumbrecht","robots":{"index":"index","follow":"follow","max-snippet":"max-snippet:-1","max-image-preview":"max-image-preview:large","max-video-preview":"max-video-preview:-1"},"canonical":"https:\/\/praxis.ewagumbrecht.de\/?page_id=411","og_locale":"pl_PL","og_type":"article","og_title":"Impressum - Praxis - Ewa Gumbrecht","og_description":"&#x21A9; Zur\u00fcck Impressum Ewa GumbrechtHauptstr. 12, 48485 Neuenkirchen\u200b Tel: 05973\/ 600 806\u200bFax: 05973\/ 600 807\u200bpraxis-e.gumbrecht@t-online.de\u200b Vollst\u00e4ndiger FirmennameGyn\u00e4kologische Praxis Ewa Gumbrecht Ort der GewerbeberechtigungHauptstr. 12,48485 Neuenkirchen\u200bGermany Zust\u00e4ndige Kammer\u00c4rztekammer Westfalen- Lippe Zust\u00e4ndige Aufsichtsbeh\u00f6rdeKVWL PraxisimhaberinEwa Gumbrecht HaftungshinweisTrotz sorgf\u00e4ltiger inhaltlicher Kontrolle \u00fcbernehmen wir keine Haftung f\u00fcr die Inhalte externer Links. F\u00fcr den Inhalt der verlinkten Seiten sind ausschlie\u00dflich deren [&hellip;]","og_url":"https:\/\/praxis.ewagumbrecht.de\/?page_id=411","og_site_name":"Praxis - Ewa Gumbrecht","article_modified_time":"2025-09-20T12:40:57+00:00","twitter_card":"summary_large_image","twitter_misc":{"Szacowany czas czytania":"1 minuta"},"schema":{"@context":"https:\/\/schema.org","@graph":[{"@type":"WebPage","@id":"https:\/\/praxis.ewagumbrecht.de\/?page_id=411","url":"https:\/\/praxis.ewagumbrecht.de\/?page_id=411","name":"Impressum - Praxis - Ewa Gumbrecht","isPartOf":{"@id":"https:\/\/praxis.ewagumbrecht.de\/#website"},"datePublished":"2023-02-26T18:08:40+00:00","dateModified":"2025-09-20T12:40:57+00:00","breadcrumb":{"@id":"https:\/\/praxis.ewagumbrecht.de\/?page_id=411#breadcrumb"},"inLanguage":"pl-PL","potentialAction":[{"@type":"ReadAction","target":["https:\/\/praxis.ewagumbrecht.de\/?page_id=411"]}]},{"@type":"BreadcrumbList","@id":"https:\/\/praxis.ewagumbrecht.de\/?page_id=411#breadcrumb","itemListElement":[{"@type":"ListItem","position":1,"name":"Home","item":"https:\/\/praxis.ewagumbrecht.de\/"},{"@type":"ListItem","position":2,"name":"Impressum"}]},{"@type":"WebSite","@id":"https:\/\/praxis.ewagumbrecht.de\/#website","url":"https:\/\/praxis.ewagumbrecht.de\/","name":"Praxis - Ewa Gumbrecht","description":"Praxis Dr.med. Ewa-Maria Gumbrecht Fach\u00e4rztin f\u00fcr Frauenheilkunde und Geburtshilfe","potentialAction":[{"@type":"SearchAction","target":{"@type":"EntryPoint","urlTemplate":"https:\/\/praxis.ewagumbrecht.de\/?s={search_term_string}"},"query-input":"required name=search_term_string"}],"inLanguage":"pl-PL"}]}},"_links":{"self":[{"href":"https:\/\/praxis.ewagumbrecht.de\/index.php?rest_route=\/wp\/v2\/pages\/411","targetHints":{"allow":["GET"]}}],"collection":[{"href":"https:\/\/praxis.ewagumbrecht.de\/index.php?rest_route=\/wp\/v2\/pages"}],"about":[{"href":"https:\/\/praxis.ewagumbrecht.de\/index.php?rest_route=\/wp\/v2\/types\/page"}],"author":[{"embeddable":true,"href":"https:\/\/praxis.ewagumbrecht.de\/index.php?rest_route=\/wp\/v2\/users\/1"}],"replies":[{"embeddable":true,"href":"https:\/\/praxis.ewagumbrecht.de\/index.php?rest_route=%2Fwp%2Fv2%2Fcomments&post=411"}],"version-history":[{"count":34,"href":"https:\/\/praxis.ewagumbrecht.de\/index.php?rest_route=\/wp\/v2\/pages\/411\/revisions"}],"predecessor-version":[{"id":626,"href":"https:\/\/praxis.ewagumbrecht.de\/index.php?rest_route=\/wp\/v2\/pages\/411\/revisions\/626"}],"wp:attachment":[{"href":"https:\/\/praxis.ewagumbrecht.de\/index.php?rest_route=%2Fwp%2Fv2%2Fmedia&parent=411"}],"curies":[{"name":"wp","href":"https:\/\/api.w.org\/{rel}","templated":true}]}}